{"id":574,"date":"2014-06-04T15:33:13","date_gmt":"2014-06-04T13:33:13","guid":{"rendered":"http:\/\/www.camping-traisen.at\/?page_id=574"},"modified":"2017-05-16T15:46:18","modified_gmt":"2017-05-16T13:46:18","slug":"wandern-in-oesterreich","status":"publish","type":"page","link":"https:\/\/www.camping-traisen.at\/en\/ausflugsziele\/wandern-in-oesterreich\/","title":{"rendered":"Wandern in \u00d6sterreich"},"content":{"rendered":"<div id=\"attachment_1979\" style=\"width: 229px\" class=\"wp-caption alignleft\"><a href=\"\/\/www.camping-traisen.at\/wp-content\/uploads\/2017\/05\/IMG_2965b.jpg\" target=\"_blank\" rel=\"noopener noreferrer\"><img loading=\"lazy\" decoding=\"async\" aria-describedby=\"caption-attachment-1979\" class=\"wp-image-1979\" src=\"\/\/www.camping-traisen.at\/wp-content\/uploads\/2017\/05\/IMG_2965b-280x300.jpg\" alt=\"\" width=\"219\" height=\"234\" srcset=\"https:\/\/www.camping-traisen.at\/wp-content\/uploads\/2017\/05\/IMG_2965b-280x300.jpg 280w, https:\/\/www.camping-traisen.at\/wp-content\/uploads\/2017\/05\/IMG_2965b-768x822.jpg 768w, https:\/\/www.camping-traisen.at\/wp-content\/uploads\/2017\/05\/IMG_2965b-957x1024.jpg 957w\" sizes=\"auto, (max-width: 219px) 100vw, 219px\" \/><\/a><p id=\"caption-attachment-1979\" class=\"wp-caption-text\">Gut markierte Wanderwege<\/p><\/div>\n<p>Wandern ist Volkssport in \u00d6sterreich. Die Alpenrepublik ist \u00fcberzogen von einem Netz an Wanderwegen, die gr\u00f6\u00dftenteils gut gekennzeichnet und gut erhalten sind. Die Vielfalt der Landschaften f\u00fchren auch zu den unterschiedlichsten Auspr\u00e4gungen der Wanderwege. Der Bogen reicht von Hochgebirgssteigen mit verschiedenen Schwierigkeitsgraden \u00fcber die so beliebten Wanderwege in den Voralpen mit den zahlreichen Einkehrm\u00f6glichkeiten auf Schutzh\u00fctten, Almh\u00fctten und Jausenstationen bis zu den reizvollen Wegen in ebenen Regionen, die meist kleine Ortschaften auf interessante Weise miteinender verbinden.<\/p>\n<p>Weitwanderwege verbinden das Eine mit dem Anderen und ziehen sich quer durch ganz Europa. Wer will, kann zum Beispiel von der Nordsee bis zur Adria wandern oder einfach einen Teil des Weges marschieren.<\/p>\n<p>Die Wanderwege in den Voralpen sind meist ohne Schwierigkeitsgrad, also f\u00fcr alle geeignet, die sich gerne in freier Natur bewegen. Alle Altersgruppen finden die geeignete Strecke, auch Kinder oder \u00e4ltere Menschen, die die frische Luft und die sch\u00f6ne Landschaft genie\u00dfen wollen.<\/p>\n<p>Wie schon erw\u00e4hnt g\u00f6nnt man sich unterwegs eine Pause in einer der zahlreichen gem\u00fctlichen, privaten oder von Vereinen gef\u00fchrten Jausenstationen und Bergh\u00fctten. Hier ist die Auswahl der angebotenen Speisen und Getr\u00e4nke meist nicht mit der in einem Nobelrestaurant vergleichbar, daf\u00fcr aber urig und mit einem unvergleichlichen Ambiente verbunden.<\/p>\n<p><img loading=\"lazy\" decoding=\"async\" class=\"alignright size-full wp-image-575\" src=\"\/\/www.camping-traisen.at\/wp-content\/uploads\/2014\/06\/baeren.jpg\" alt=\"\" width=\"200\" height=\"150\" \/>Genauere Infos und Landkarten finden Sie auf Gemeinde\u00e4mtern und Infostellen mit den gr\u00fcnen i. Ohne Landkarte sollten Orts-unkundige keine weitere Wanderung unternehmen, es ist immer gut, wenn man wei\u00df wo man ist.<br \/>\nBeachten Sie auch die unterschiedlichen \u00d6ffnungszeiten der H\u00fctten.<\/p>\n<p>Unsere G\u00e4ste sind begeistert vom Angebot an Wanderwegen aller Kategorien und von den zahlreichen M\u00f6glichkeiten, die reizvollen gr\u00fcnen Voralpen zu erkunden.<\/p>\n<p>Dass Wandern zu den ges\u00fcndesten Breitensportarten z\u00e4hlen, muss nicht extra erw\u00e4hnt werden. Die Bewegung in der frischen Luft ist erholsam f\u00fcr K\u00f6rper und Geist, der Kreislauf wird angekurbelt, die Beweglichkeit und Muskulatur wird trainiert.<\/p>\n<p>Wir haben f\u00fcr Sie am Campingplatz alle Infos bereit. Dazu k\u00f6nnen wir Sie auch gerne pers\u00f6nlich beraten, welche Strecke f\u00fcr Sie am besten geeignet w\u00e4re.<br \/>\nDas Team von Terrassen Camping Traisen bem\u00fcht sich, Ihnen einen unvergesslichen Urlaub zu erm\u00f6glichen.<br \/>\n<img loading=\"lazy\" decoding=\"async\" class=\"aligncenter size-full wp-image-576\" src=\"\/\/www.camping-traisen.at\/wp-content\/uploads\/2014\/06\/leiste.jpg\" alt=\"\" width=\"700\" height=\"139\" srcset=\"https:\/\/www.camping-traisen.at\/wp-content\/uploads\/2014\/06\/leiste.jpg 700w, https:\/\/www.camping-traisen.at\/wp-content\/uploads\/2014\/06\/leiste-300x59.jpg 300w, https:\/\/www.camping-traisen.at\/wp-content\/uploads\/2014\/06\/leiste-500x99.jpg 500w\" sizes=\"auto, (max-width: 700px) 100vw, 700px\" \/><\/p>\n","protected":false},"excerpt":{"rendered":"<p>Wandern ist Volkssport in \u00d6sterreich. Die Alpenrepublik ist \u00fcberzogen von einem Netz an Wanderwegen, die gr\u00f6\u00dftenteils gut gekennzeichnet und gut erhalten sind. Die Vielfalt der Landschaften f\u00fchren auch zu den unterschiedlichsten Auspr\u00e4gungen der Wanderwege. Der Bogen reicht von Hochgebirgssteigen mit &hellip; <a href=\"https:\/\/www.camping-traisen.at\/en\/ausflugsziele\/wandern-in-oesterreich\/\">Weiterlesen <span class=\"meta-nav\">&rarr;<\/span><\/a><\/p>\n","protected":false},"author":3,"featured_media":0,"parent":503,"menu_order":0,"comment_status":"closed","ping_status":"closed","template":"","meta":{"footnotes":""},"class_list":["post-574","page","type-page","status-publish","hentry"],"_links":{"self":[{"href":"https:\/\/www.camping-traisen.at\/en\/wp-json\/wp\/v2\/pages\/574","targetHints":{"allow":["GET"]}}],"collection":[{"href":"https:\/\/www.camping-traisen.at\/en\/wp-json\/wp\/v2\/pages"}],"about":[{"href":"https:\/\/www.camping-traisen.at\/en\/wp-json\/wp\/v2\/types\/page"}],"author":[{"embeddable":true,"href":"https:\/\/www.camping-traisen.at\/en\/wp-json\/wp\/v2\/users\/3"}],"replies":[{"embeddable":true,"href":"https:\/\/www.camping-traisen.at\/en\/wp-json\/wp\/v2\/comments?post=574"}],"version-history":[{"count":4,"href":"https:\/\/www.camping-traisen.at\/en\/wp-json\/wp\/v2\/pages\/574\/revisions"}],"predecessor-version":[{"id":1980,"href":"https:\/\/www.camping-traisen.at\/en\/wp-json\/wp\/v2\/pages\/574\/revisions\/1980"}],"up":[{"embeddable":true,"href":"https:\/\/www.camping-traisen.at\/en\/wp-json\/wp\/v2\/pages\/503"}],"wp:attachment":[{"href":"https:\/\/www.camping-traisen.at\/en\/wp-json\/wp\/v2\/media?parent=574"}],"curies":[{"name":"wp","href":"https:\/\/api.w.org\/{rel}","templated":true}]}}