{"id":581,"date":"2014-06-04T16:07:09","date_gmt":"2014-06-04T14:07:09","guid":{"rendered":"http:\/\/www.camping-traisen.at\/?page_id=581"},"modified":"2015-01-27T11:54:34","modified_gmt":"2015-01-27T10:54:34","slug":"traisentalradweg","status":"publish","type":"page","link":"https:\/\/www.camping-traisen.at\/en\/ausflugsziele\/traisentalradweg\/","title":{"rendered":"Cycling"},"content":{"rendered":"<h1>Von der Donau bis in die Berge<\/h1>\n<p><img loading=\"lazy\" decoding=\"async\" class=\"aligncenter size-full wp-image-582\" src=\"\/\/www.camping-traisen.at\/wp-content\/uploads\/2014\/06\/ausflug-radweg01.jpg\" alt=\"\" width=\"518\" height=\"255\" srcset=\"https:\/\/www.camping-traisen.at\/wp-content\/uploads\/2014\/06\/ausflug-radweg01.jpg 518w, https:\/\/www.camping-traisen.at\/wp-content\/uploads\/2014\/06\/ausflug-radweg01-300x147.jpg 300w, https:\/\/www.camping-traisen.at\/wp-content\/uploads\/2014\/06\/ausflug-radweg01-500x246.jpg 500w\" sizes=\"auto, (max-width: 518px) 100vw, 518px\" \/><br \/>\nErkunden Sie das reizvolle Tal <strong>entlang dem Fluss \u201eTraisen\u201c<\/strong> auf dem neu erweiterten und gut beschilderten Radweg.<\/p>\n<hr \/>\n<p><img loading=\"lazy\" decoding=\"async\" class=\"alignright size-full wp-image-583\" src=\"\/\/www.camping-traisen.at\/wp-content\/uploads\/2014\/06\/ausflug-radweg02.jpg\" alt=\"\" width=\"359\" height=\"255\" srcset=\"https:\/\/www.camping-traisen.at\/wp-content\/uploads\/2014\/06\/ausflug-radweg02.jpg 359w, https:\/\/www.camping-traisen.at\/wp-content\/uploads\/2014\/06\/ausflug-radweg02-300x213.jpg 300w\" sizes=\"auto, (max-width: 359px) 100vw, 359px\" \/>Flu\u00dfabw\u00e4rts f\u00fchrt der Radweg durch unsere <strong>Landeshauptstadt St.P\u00f6lten<\/strong> bis zum 40 km entfernten <strong>Donauradweg<\/strong> (Passau-Wien).<br \/>\nFlu\u00dfaufw\u00e4rts f\u00fchrt die ebene Strecke 30 km weit durch <strong>Lilienfeld<\/strong> bis <strong>St. Aegyd<\/strong>. Auch f\u00fcr Kinder bestens geeignet. Ab da wird es gebirgiger, aber trotzdem gut ausgebaut und gut beschildert.<\/p>\n<p>Eine Variante f\u00fchrt auf der ehemaligen Eisenbahnstrecke nach T\u00fcrnitz<img loading=\"lazy\" decoding=\"async\" class=\"  wp-image-1148 alignleft\" src=\"\/\/www.camping-traisen.at\/wp-content\/uploads\/2014\/06\/IMG_0220a-150x150.jpg\" alt=\"IMG_0220a\" width=\"162\" height=\"162\" \/><\/p>\n<p>&nbsp;<\/p>\n<hr \/>\n<p>Wer genug Kraft in den Waden hat, kann den Traisentalradweg bis zum ber\u00fchmten <strong>Wallfahrtsort Mariazell<\/strong> weiterfahren.<\/p>\n<p align=\"center\"><img loading=\"lazy\" decoding=\"async\" class=\"wp-image-585\" src=\"\/\/www.camping-traisen.at\/wp-content\/uploads\/2014\/06\/ausflug-radwege05.jpg\" alt=\"\" width=\"191\" height=\"255\" \/>\u00a0\u00a0<img loading=\"lazy\" decoding=\"async\" class=\"wp-image-584\" src=\"\/\/www.camping-traisen.at\/wp-content\/uploads\/2014\/06\/ausflug-radweg03.jpg\" alt=\"\" width=\"506\" height=\"255\" srcset=\"https:\/\/www.camping-traisen.at\/wp-content\/uploads\/2014\/06\/ausflug-radweg03.jpg 506w, https:\/\/www.camping-traisen.at\/wp-content\/uploads\/2014\/06\/ausflug-radweg03-300x151.jpg 300w, https:\/\/www.camping-traisen.at\/wp-content\/uploads\/2014\/06\/ausflug-radweg03-500x251.jpg 500w\" sizes=\"auto, (max-width: 506px) 100vw, 506px\" \/><\/p>\n<p align=\"center\">Der gesamte, abwechslungsreiche Radweg von der Donau bis Mariazell ist 111 km lang.<\/p>\n<p align=\"center\"><strong>*Tipp*<\/strong> <a href=\"http:\/\/www.traisentalradweg.at\">www.traisentalradweg.at<\/a><\/p>\n<p align=\"center\">\u201e<strong>ADFC-Qualit\u00e4tsradroute<\/strong>\u201c mit vier von f\u00fcnf m\u00f6glichen Sternen<strong> \u00a0<\/strong>****<\/p>\n","protected":false},"excerpt":{"rendered":"<p>Von der Donau bis in die Berge Erkunden Sie das reizvolle Tal entlang dem Fluss \u201eTraisen\u201c auf dem neu erweiterten und gut beschilderten Radweg. Flu\u00dfabw\u00e4rts f\u00fchrt der Radweg durch unsere Landeshauptstadt St.P\u00f6lten bis zum 40 km entfernten Donauradweg (Passau-Wien). Flu\u00dfaufw\u00e4rts &hellip; <a href=\"https:\/\/www.camping-traisen.at\/en\/ausflugsziele\/traisentalradweg\/\">Weiterlesen <span class=\"meta-nav\">&rarr;<\/span><\/a><\/p>\n","protected":false},"author":3,"featured_media":0,"parent":503,"menu_order":0,"comment_status":"closed","ping_status":"closed","template":"","meta":{"footnotes":""},"class_list":["post-581","page","type-page","status-publish","hentry"],"_links":{"self":[{"href":"https:\/\/www.camping-traisen.at\/en\/wp-json\/wp\/v2\/pages\/581","targetHints":{"allow":["GET"]}}],"collection":[{"href":"https:\/\/www.camping-traisen.at\/en\/wp-json\/wp\/v2\/pages"}],"about":[{"href":"https:\/\/www.camping-traisen.at\/en\/wp-json\/wp\/v2\/types\/page"}],"author":[{"embeddable":true,"href":"https:\/\/www.camping-traisen.at\/en\/wp-json\/wp\/v2\/users\/3"}],"replies":[{"embeddable":true,"href":"https:\/\/www.camping-traisen.at\/en\/wp-json\/wp\/v2\/comments?post=581"}],"version-history":[{"count":5,"href":"https:\/\/www.camping-traisen.at\/en\/wp-json\/wp\/v2\/pages\/581\/revisions"}],"predecessor-version":[{"id":1149,"href":"https:\/\/www.camping-traisen.at\/en\/wp-json\/wp\/v2\/pages\/581\/revisions\/1149"}],"up":[{"embeddable":true,"href":"https:\/\/www.camping-traisen.at\/en\/wp-json\/wp\/v2\/pages\/503"}],"wp:attachment":[{"href":"https:\/\/www.camping-traisen.at\/en\/wp-json\/wp\/v2\/media?parent=581"}],"curies":[{"name":"wp","href":"https:\/\/api.w.org\/{rel}","templated":true}]}}